{"id":3941,"date":"2024-08-01T18:32:22","date_gmt":"2024-08-01T18:32:22","guid":{"rendered":"https:\/\/matrixbusinessinvest.al\/?page_id=3941"},"modified":"2025-04-24T09:10:49","modified_gmt":"2025-04-24T09:10:49","slug":"blog","status":"publish","type":"page","link":"http:\/\/matrixbusinessinvest.com\/al\/blog\/","title":{"rendered":"Blog"},"content":{"rendered":"\t\t<div data-elementor-type=\"wp-page\" data-elementor-id=\"3941\" class=\"elementor elementor-3941\" data-elementor-settings=\"{&quot;ha_cmc_init_switcher&quot;:&quot;no&quot;}\" data-elementor-post-type=\"page\">\n\t\t\t\t<div class=\"elementor-element elementor-element-587fda9 e-con-full e-flex e-con e-parent\" data-id=\"587fda9\" data-element_type=\"container\" data-e-type=\"container\" data-settings=\"{&quot;background_background&quot;:&quot;classic&quot;,&quot;jet_parallax_layout_list&quot;:[],&quot;_ha_eqh_enable&quot;:false}\">\n\t\t<div class=\"elementor-element elementor-element-6605f9e e-con-full e-flex e-con e-child\" data-id=\"6605f9e\" data-element_type=\"container\" data-e-type=\"container\" data-settings=\"{&quot;background_background&quot;:&quot;classic&quot;,&quot;jet_parallax_layout_list&quot;:[],&quot;_ha_eqh_enable&quot;:false}\">\n\t\t\t\t<div class=\"elementor-element elementor-element-e095bb3 elementor-widget elementor-widget-heading\" data-id=\"e095bb3\" data-element_type=\"widget\" data-e-type=\"widget\" data-widget_type=\"heading.default\">\n\t\t\t\t<div class=\"elementor-widget-container\">\n\t\t\t\t\t<h2 class=\"elementor-heading-title elementor-size-default\">Maksimizimi i kthimit t\u00eb investimit:\nSi t\u00eb investoni n\u00eb prona komerciale<\/h2>\t\t\t\t<\/div>\n\t\t\t\t<\/div>\n\t\t\t\t<div class=\"elementor-element elementor-element-033a096 elementor-widget elementor-widget-text-editor\" data-id=\"033a096\" data-element_type=\"widget\" data-e-type=\"widget\" data-widget_type=\"text-editor.default\">\n\t\t\t\t<div class=\"elementor-widget-container\">\n\t\t\t\t\t\t\t\t\t<p>Investimi n\u00eb prona komerciale, t\u00eb tilla si zyra dhe hap\u00ebsira me pakic\u00eb, mund t\u00eb ofroj\u00eb kthime m\u00eb t\u00eb larta n\u00eb krahasim me pronat e banimit.<\/p>\t\t\t\t\t\t\t\t<\/div>\n\t\t\t\t<\/div>\n\t\t\t\t<\/div>\n\t\t\t\t<\/div>\n\t\t<div class=\"elementor-element elementor-element-fe2ad11 e-grid e-con-boxed e-con e-parent\" data-id=\"fe2ad11\" data-element_type=\"container\" data-e-type=\"container\" data-settings=\"{&quot;jet_parallax_layout_list&quot;:[],&quot;_ha_eqh_enable&quot;:false}\">\n\t\t\t\t\t<div class=\"e-con-inner\">\n\t\t\t\t<div class=\"elementor-element elementor-element-6742824 elementor-widget elementor-widget-image\" data-id=\"6742824\" data-element_type=\"widget\" data-e-type=\"widget\" data-widget_type=\"image.default\">\n\t\t\t\t<div class=\"elementor-widget-container\">\n\t\t\t\t\t\t\t\t\t\t\t\t\t\t\t<img fetchpriority=\"high\" decoding=\"async\" width=\"800\" height=\"393\" src=\"https:\/\/matrixbusinessinvest.com\/wp-content\/uploads\/2024\/08\/Rectangle-16-3.png\" class=\"attachment-large size-large wp-image-3656\" alt=\"\" srcset=\"https:\/\/matrixbusinessinvest.com\/wp-content\/uploads\/2024\/08\/Rectangle-16-3.png 931w, https:\/\/matrixbusinessinvest.com\/wp-content\/uploads\/2024\/08\/Rectangle-16-3-300x147.png 300w, https:\/\/matrixbusinessinvest.com\/wp-content\/uploads\/2024\/08\/Rectangle-16-3-768x377.png 768w, https:\/\/matrixbusinessinvest.com\/wp-content\/uploads\/2024\/08\/Rectangle-16-3-18x9.png 18w\" sizes=\"(max-width: 800px) 100vw, 800px\" \/>\t\t\t\t\t\t\t\t\t\t\t\t\t\t\t<\/div>\n\t\t\t\t<\/div>\n\t\t\t\t<div class=\"elementor-element elementor-element-0c86ec4 elementor-widget elementor-widget-image\" data-id=\"0c86ec4\" data-element_type=\"widget\" data-e-type=\"widget\" data-widget_type=\"image.default\">\n\t\t\t\t<div class=\"elementor-widget-container\">\n\t\t\t\t\t\t\t\t\t\t\t\t\t\t\t<img fetchpriority=\"high\" decoding=\"async\" width=\"800\" height=\"393\" src=\"https:\/\/matrixbusinessinvest.com\/wp-content\/uploads\/2024\/08\/Rectangle-16-3.png\" class=\"attachment-large size-large wp-image-3656\" alt=\"\" srcset=\"https:\/\/matrixbusinessinvest.com\/wp-content\/uploads\/2024\/08\/Rectangle-16-3.png 931w, https:\/\/matrixbusinessinvest.com\/wp-content\/uploads\/2024\/08\/Rectangle-16-3-300x147.png 300w, https:\/\/matrixbusinessinvest.com\/wp-content\/uploads\/2024\/08\/Rectangle-16-3-768x377.png 768w, https:\/\/matrixbusinessinvest.com\/wp-content\/uploads\/2024\/08\/Rectangle-16-3-18x9.png 18w\" sizes=\"(max-width: 800px) 100vw, 800px\" \/>\t\t\t\t\t\t\t\t\t\t\t\t\t\t\t<\/div>\n\t\t\t\t<\/div>\n\t\t\t\t<div class=\"elementor-element elementor-element-631d58d elementor-widget elementor-widget-image\" data-id=\"631d58d\" data-element_type=\"widget\" data-e-type=\"widget\" data-widget_type=\"image.default\">\n\t\t\t\t<div class=\"elementor-widget-container\">\n\t\t\t\t\t\t\t\t\t\t\t\t\t\t\t<img fetchpriority=\"high\" decoding=\"async\" width=\"800\" height=\"393\" src=\"https:\/\/matrixbusinessinvest.com\/wp-content\/uploads\/2024\/08\/Rectangle-16-3.png\" class=\"attachment-large size-large wp-image-3656\" alt=\"\" srcset=\"https:\/\/matrixbusinessinvest.com\/wp-content\/uploads\/2024\/08\/Rectangle-16-3.png 931w, https:\/\/matrixbusinessinvest.com\/wp-content\/uploads\/2024\/08\/Rectangle-16-3-300x147.png 300w, https:\/\/matrixbusinessinvest.com\/wp-content\/uploads\/2024\/08\/Rectangle-16-3-768x377.png 768w, https:\/\/matrixbusinessinvest.com\/wp-content\/uploads\/2024\/08\/Rectangle-16-3-18x9.png 18w\" sizes=\"(max-width: 800px) 100vw, 800px\" \/>\t\t\t\t\t\t\t\t\t\t\t\t\t\t\t<\/div>\n\t\t\t\t<\/div>\n\t\t\t\t\t<\/div>\n\t\t\t\t<\/div>\n\t\t<div class=\"elementor-element elementor-element-f096b46 e-flex e-con-boxed e-con e-parent\" data-id=\"f096b46\" data-element_type=\"container\" data-e-type=\"container\" data-settings=\"{&quot;jet_parallax_layout_list&quot;:[],&quot;_ha_eqh_enable&quot;:false}\">\n\t\t\t\t\t<div class=\"e-con-inner\">\n\t\t\t\t<div class=\"elementor-element elementor-element-c2bbf91 elementor-fixed max-width-widgets elementor-widget elementor-widget-image\" data-id=\"c2bbf91\" data-element_type=\"widget\" data-e-type=\"widget\" data-settings=\"{&quot;_position&quot;:&quot;fixed&quot;}\" data-widget_type=\"image.default\">\n\t\t\t\t<div class=\"elementor-widget-container\">\n\t\t\t\t\t\t\t\t\t\t\t\t\t\t\t\t<a href=\"https:\/\/wa.link\/4vous5\">\n\t\t\t\t\t\t\t<img decoding=\"async\" width=\"98\" height=\"98\" data-src=\"https:\/\/matrixbusinessinvest.com\/wp-content\/uploads\/2024\/08\/robot_icon24.png\" class=\"attachment-full size-full wp-image-5835 lazyload\" alt=\"\" src=\"data:image\/svg+xml;base64,PHN2ZyB3aWR0aD0iMSIgaGVpZ2h0PSIxIiB4bWxucz0iaHR0cDovL3d3dy53My5vcmcvMjAwMC9zdmciPjwvc3ZnPg==\" style=\"--smush-placeholder-width: 98px; --smush-placeholder-aspect-ratio: 98\/98;\" \/>\t\t\t\t\t\t\t\t<\/a>\n\t\t\t\t\t\t\t\t\t\t\t\t\t\t\t<\/div>\n\t\t\t\t<\/div>\n\t\t\t\t\t<\/div>\n\t\t\t\t<\/div>\n\t\t\t\t<\/div>\n\t\t","protected":false},"excerpt":{"rendered":"<p>Maksimizimi i kthimit t\u00eb investimit: Si t\u00eb investoni n\u00eb prona komerciale Investimi n\u00eb prona komerciale, t\u00eb tilla si zyra dhe hap\u00ebsira me pakic\u00eb, mund t\u00eb ofroj\u00eb kthime m\u00eb t\u00eb larta n\u00eb krahasim me pronat e banimit.<\/p>\n","protected":false},"author":1,"featured_media":0,"parent":0,"menu_order":0,"comment_status":"closed","ping_status":"closed","template":"","meta":{"footnotes":""},"class_list":["post-3941","page","type-page","status-publish","hentry"],"_links":{"self":[{"href":"http:\/\/matrixbusinessinvest.com\/al\/wp-json\/wp\/v2\/pages\/3941","targetHints":{"allow":["GET"]}}],"collection":[{"href":"http:\/\/matrixbusinessinvest.com\/al\/wp-json\/wp\/v2\/pages"}],"about":[{"href":"http:\/\/matrixbusinessinvest.com\/al\/wp-json\/wp\/v2\/types\/page"}],"author":[{"embeddable":true,"href":"http:\/\/matrixbusinessinvest.com\/al\/wp-json\/wp\/v2\/users\/1"}],"replies":[{"embeddable":true,"href":"http:\/\/matrixbusinessinvest.com\/al\/wp-json\/wp\/v2\/comments?post=3941"}],"version-history":[{"count":179,"href":"http:\/\/matrixbusinessinvest.com\/al\/wp-json\/wp\/v2\/pages\/3941\/revisions"}],"predecessor-version":[{"id":7089,"href":"http:\/\/matrixbusinessinvest.com\/al\/wp-json\/wp\/v2\/pages\/3941\/revisions\/7089"}],"wp:attachment":[{"href":"http:\/\/matrixbusinessinvest.com\/al\/wp-json\/wp\/v2\/media?parent=3941"}],"curies":[{"name":"wp","href":"https:\/\/api.w.org\/{rel}","templated":true}]}}