{"id":3694,"date":"2024-08-01T05:07:06","date_gmt":"2024-08-01T05:07:06","guid":{"rendered":"https:\/\/matrixbusinessinvest.al\/?page_id=3694"},"modified":"2024-08-29T12:33:11","modified_gmt":"2024-08-29T12:33:11","slug":"about-us","status":"publish","type":"page","link":"https:\/\/matrixbusinessinvest.com\/en\/about-us\/","title":{"rendered":"About Us"},"content":{"rendered":"<div data-elementor-type=\"wp-page\" data-elementor-id=\"3694\" class=\"elementor elementor-3694\" data-elementor-settings=\"{&quot;ha_cmc_init_switcher&quot;:&quot;no&quot;}\" data-elementor-post-type=\"page\">\n\t\t\t\t<div class=\"elementor-element elementor-element-78f64466 e-flex e-con-boxed e-con e-parent\" data-id=\"78f64466\" data-element_type=\"container\" data-e-type=\"container\" data-settings=\"{&quot;background_background&quot;:&quot;classic&quot;,&quot;jet_parallax_layout_list&quot;:[],&quot;_ha_eqh_enable&quot;:false}\">\n\t\t\t\t\t<div class=\"e-con-inner\">\n\t\t<div class=\"elementor-element elementor-element-1e9d31c5 e-con-full e-flex e-con e-child\" data-id=\"1e9d31c5\" data-element_type=\"container\" data-e-type=\"container\" data-settings=\"{&quot;jet_parallax_layout_list&quot;:[],&quot;_ha_eqh_enable&quot;:false}\">\n\t\t\t\t<div class=\"elementor-element elementor-element-58ab34e3 elementor-widget elementor-widget-heading\" data-id=\"58ab34e3\" data-element_type=\"widget\" data-e-type=\"widget\" data-widget_type=\"heading.default\">\n\t\t\t\t<div class=\"elementor-widget-container\">\n\t\t\t\t\t<h2 class=\"elementor-heading-title elementor-size-default\">Matrix Business Invest<\/br>\nInnovative B2B platform from Matrix Construction<\/h2>\t\t\t\t<\/div>\n\t\t\t\t<\/div>\n\t\t<div class=\"elementor-element elementor-element-187ef476 e-con-full e-flex e-con e-child\" data-id=\"187ef476\" data-element_type=\"container\" data-e-type=\"container\" data-settings=\"{&quot;jet_parallax_layout_list&quot;:[],&quot;_ha_eqh_enable&quot;:false}\">\n\t\t<div class=\"elementor-element elementor-element-387a938 e-con-full e-flex e-con e-child\" data-id=\"387a938\" data-element_type=\"container\" data-e-type=\"container\" data-settings=\"{&quot;background_background&quot;:&quot;classic&quot;,&quot;jet_parallax_layout_list&quot;:[],&quot;_ha_eqh_enable&quot;:false}\">\n\t\t\t\t<div class=\"elementor-element elementor-element-32a0516d elementor-widget elementor-widget-heading\" data-id=\"32a0516d\" data-element_type=\"widget\" data-e-type=\"widget\" data-widget_type=\"heading.default\">\n\t\t\t\t<div class=\"elementor-widget-container\">\n\t\t\t\t\t<h2 class=\"elementor-heading-title elementor-size-default\">Customer focus<\/h2>\t\t\t\t<\/div>\n\t\t\t\t<\/div>\n\t\t\t\t<div class=\"elementor-element elementor-element-5ca89748 elementor-widget elementor-widget-heading\" data-id=\"5ca89748\" data-element_type=\"widget\" data-e-type=\"widget\" data-widget_type=\"heading.default\">\n\t\t\t\t<div class=\"elementor-widget-container\">\n\t\t\t\t\t<h2 class=\"elementor-heading-title elementor-size-default\">With the vision to generate new realities, we build quality spaces, new business opportunities and healthy communities, focusing on meeting the needs of our clients.<span style=\"text-align: var(--text-align)\"><\/span><br><\/h2>\t\t\t\t<\/div>\n\t\t\t\t<\/div>\n\t\t\t\t<\/div>\n\t\t<div class=\"elementor-element elementor-element-322c8d18 e-con-full e-flex e-con e-child\" data-id=\"322c8d18\" data-element_type=\"container\" data-e-type=\"container\" data-settings=\"{&quot;background_background&quot;:&quot;classic&quot;,&quot;jet_parallax_layout_list&quot;:[],&quot;_ha_eqh_enable&quot;:false}\">\n\t\t\t\t<div class=\"elementor-element elementor-element-5f0df8e3 elementor-widget elementor-widget-heading\" data-id=\"5f0df8e3\" data-element_type=\"widget\" data-e-type=\"widget\" data-widget_type=\"heading.default\">\n\t\t\t\t<div class=\"elementor-widget-container\">\n\t\t\t\t\t<h2 class=\"elementor-heading-title elementor-size-default\">Development for businesses<\/h2>\t\t\t\t<\/div>\n\t\t\t\t<\/div>\n\t\t\t\t<div class=\"elementor-element elementor-element-4a17c199 elementor-widget elementor-widget-heading\" data-id=\"4a17c199\" data-element_type=\"widget\" data-e-type=\"widget\" data-widget_type=\"heading.default\">\n\t\t\t\t<div class=\"elementor-widget-container\">\n\t\t\t\t\t<h2 class=\"elementor-heading-title elementor-size-default\">Through the creation of new communities in the areas where we build and professional management, we enable businesses to develop safely and long-term.<span style=\"text-align: var(--text-align)\"><\/span><br><\/h2>\t\t\t\t<\/div>\n\t\t\t\t<\/div>\n\t\t\t\t<\/div>\n\t\t<div class=\"elementor-element elementor-element-683626a3 e-con-full e-flex e-con e-child\" data-id=\"683626a3\" data-element_type=\"container\" data-e-type=\"container\" data-settings=\"{&quot;background_background&quot;:&quot;classic&quot;,&quot;jet_parallax_layout_list&quot;:[],&quot;_ha_eqh_enable&quot;:false}\">\n\t\t\t\t<div class=\"elementor-element elementor-element-4111024c elementor-widget elementor-widget-heading\" data-id=\"4111024c\" data-element_type=\"widget\" data-e-type=\"widget\" data-widget_type=\"heading.default\">\n\t\t\t\t<div class=\"elementor-widget-container\">\n\t\t\t\t\t<h2 class=\"elementor-heading-title elementor-size-default\">Safe Investment<\/h2>\t\t\t\t<\/div>\n\t\t\t\t<\/div>\n\t\t\t\t<div class=\"elementor-element elementor-element-30cda9be elementor-widget elementor-widget-heading\" data-id=\"30cda9be\" data-element_type=\"widget\" data-e-type=\"widget\" data-widget_type=\"heading.default\">\n\t\t\t\t<div class=\"elementor-widget-container\">\n\t\t\t\t\t<h2 class=\"elementor-heading-title elementor-size-default\">Thanks to quality in construction, expertise, development over the years, and adaptation to market dynamics, our projects offer a stable and predictable return on investment over the years.<span style=\"text-align: var(--text-align)\"><\/span><br><\/h2>\t\t\t\t<\/div>\n\t\t\t\t<\/div>\n\t\t\t\t<\/div>\n\t\t<div class=\"elementor-element elementor-element-d504df9 e-con-full e-flex e-con e-child\" data-id=\"d504df9\" data-element_type=\"container\" data-e-type=\"container\" data-settings=\"{&quot;background_background&quot;:&quot;classic&quot;,&quot;jet_parallax_layout_list&quot;:[],&quot;_ha_eqh_enable&quot;:false}\">\n\t\t\t\t<div class=\"elementor-element elementor-element-10e4445f elementor-widget elementor-widget-heading\" data-id=\"10e4445f\" data-element_type=\"widget\" data-e-type=\"widget\" data-widget_type=\"heading.default\">\n\t\t\t\t<div class=\"elementor-widget-container\">\n\t\t\t\t\t<h2 class=\"elementor-heading-title elementor-size-default\">Strategic Location<\/h2>\t\t\t\t<\/div>\n\t\t\t\t<\/div>\n\t\t\t\t<div class=\"elementor-element elementor-element-59112b37 elementor-widget elementor-widget-heading\" data-id=\"59112b37\" data-element_type=\"widget\" data-e-type=\"widget\" data-widget_type=\"heading.default\">\n\t\t\t\t<div class=\"elementor-widget-container\">\n\t\t\t\t\t<h2 class=\"elementor-heading-title elementor-size-default\">Our projects are located in areas with development potential, with high demand and developed infrastructure, bringing an increase in property value in the long term.<span style=\"text-align: var(--text-align)\"><\/span><br><\/h2>\t\t\t\t<\/div>\n\t\t\t\t<\/div>\n\t\t\t\t<\/div>\n\t\t\t\t<\/div>\n\t\t<div class=\"elementor-element elementor-element-7f6399ee e-con-full e-flex e-con e-child\" data-id=\"7f6399ee\" data-element_type=\"container\" data-e-type=\"container\" data-settings=\"{&quot;jet_parallax_layout_list&quot;:[],&quot;_ha_eqh_enable&quot;:false}\">\n\t\t\t\t<div class=\"elementor-element elementor-element-7b78bb33 elementor-widget elementor-widget-text-editor\" data-id=\"7b78bb33\" data-element_type=\"widget\" data-e-type=\"widget\" data-widget_type=\"text-editor.default\">\n\t\t\t\t<div class=\"elementor-widget-container\">\n\t\t\t\t\t\t\t\t\t<p>Matrix Business Invest is the newest innovative B2B platform in real estate, introduced by Matrix Konstruksion on October 14, 2022. With 28 years of experience in the construction and real estate market, Matrix Konstruksion created a platform that simplifies the property search experience and allows for the evaluation and analysis of property investments in strategic positions in Tirana and beyond.<\/p><p>This platform aims to meet the needs of individuals and businesses for spaces of various typologies, with strategic locations and the best prices.<\/p><p>The residential complex &quot;Fiori Di Bosco&quot; is<span style=\"text-align: var(--text-align);\">s<\/span><span style=\"text-align: var(--text-align);\">\u00a0d<\/span><span style=\"text-align: var(--text-align);\">s<\/span><span style=\"text-align: var(--text-align);\">the development of the<\/span>s<span style=\"text-align: var(--text-align);\">\u00a0AREAS\u00a0<\/span><span style=\"text-align: var(--text-align);\">where Matrix Construction<\/span><span style=\"text-align: var(--text-align);\">s<\/span><span style=\"text-align: var(--text-align);\">rton, p<\/span>s<span style=\"text-align: var(--text-align);\">through the creation of<\/span>s<span style=\"text-align: var(--text-align);\">\u00a0<\/span><span style=\"text-align: var(--text-align);\">communities<\/span>s<span style=\"text-align: var(--text-align);\">\u00a0NEW\u00a0<\/span><span style=\"text-align: var(--text-align);\">This complex is designed to provide optimal conditions for the sustainable and secure development of businesses. <\/span><\/p><p><span style=\"text-align: var(--text-align);\">&#039;&#039;Kristal&#039;&#039; Shopping Complex,\u00a0\u00a0<\/span><span style=\"text-align: var(--text-align);\">inaugurated in<\/span><span style=\"text-align: var(--text-align);\">s<\/span><span style=\"text-align: var(--text-align);\">\u00a0year 2008,\u00a0<\/span><span style=\"text-align: var(--text-align);\">is an example of a successful partnership.\u00a0<\/span><span style=\"text-align: var(--text-align);\">At the &#039;&#039;Crystal Center&#039;&#039;,\u00a0<\/span><span style=\"text-align: var(--text-align);\">There are currently about 60 brands<\/span><span style=\"text-align: var(--text-align);\">s<\/span><span style=\"text-align: var(--text-align);\">\u00a0known nation<\/span><span style=\"text-align: var(--text-align);\">s<\/span><span style=\"text-align: var(--text-align);\">tare and nd<\/span><span style=\"text-align: var(--text-align);\">s<\/span><span style=\"text-align: var(--text-align);\">nation<\/span><span style=\"text-align: var(--text-align);\">s<\/span><span style=\"text-align: var(--text-align);\">tare, like:\u00a0<\/span><span style=\"text-align: var(--text-align);\">&quot;Jysk&quot;, &quot;Rossman&amp;Lala&quot;, &quot;Conad&quot;, &quot;Neptun&quot;, &quot;Arteg&quot;, &quot;SportVision&quot;, &quot;BKT&quot;, etc.\u00a0<\/span><\/p><p><span style=\"text-align: var(--text-align);\">The &#039;&#039;Ali Demi&#039;&#039; business complex is also another fruitful economic and social collaboration that offers new modern spaces for the Tirana Electricity Market, with optimal parameters and technical conditions.<\/span><\/p>\t\t\t\t\t\t\t\t<\/div>\n\t\t\t\t<\/div>\n\t\t\t\t<\/div>\n\t\t\t\t<\/div>\n\t\t\t\t\t<\/div>\n\t\t\t\t<\/div>\n\t\t<div class=\"elementor-element elementor-element-cd3bb4f e-flex e-con-boxed e-con e-parent\" data-id=\"cd3bb4f\" data-element_type=\"container\" data-e-type=\"container\" data-settings=\"{&quot;jet_parallax_layout_list&quot;:[],&quot;_ha_eqh_enable&quot;:false}\">\n\t\t\t\t\t<div class=\"e-con-inner\">\n\t\t\t\t<div class=\"elementor-element elementor-element-7da7cd8 elementor-fixed max-width-widgets elementor-widget elementor-widget-image\" data-id=\"7da7cd8\" data-element_type=\"widget\" data-e-type=\"widget\" data-settings=\"{&quot;_position&quot;:&quot;fixed&quot;}\" data-widget_type=\"image.default\">\n\t\t\t\t<div class=\"elementor-widget-container\">\n\t\t\t\t\t\t\t\t\t\t\t\t\t\t\t\t<a href=\"https:\/\/wa.link\/4vous5\">\n\t\t\t\t\t\t\t<img decoding=\"async\" width=\"98\" height=\"98\" data-src=\"https:\/\/matrixbusinessinvest.com\/wp-content\/uploads\/2024\/08\/robot_icon24.png\" class=\"attachment-full size-full wp-image-5835 lazyload\" alt=\"\" src=\"data:image\/svg+xml;base64,PHN2ZyB3aWR0aD0iMSIgaGVpZ2h0PSIxIiB4bWxucz0iaHR0cDovL3d3dy53My5vcmcvMjAwMC9zdmciPjwvc3ZnPg==\" style=\"--smush-placeholder-width: 98px; --smush-placeholder-aspect-ratio: 98\/98;\" \/>\t\t\t\t\t\t\t\t<\/a>\n\t\t\t\t\t\t\t\t\t\t\t\t\t\t\t<\/div>\n\t\t\t\t<\/div>\n\t\t\t\t\t<\/div>\n\t\t\t\t<\/div>\n\t\t\t\t<\/div>","protected":false},"excerpt":{"rendered":"<p>Matrix Business Invest Platforma inovative B2B nga Matrix Konstruksion Fokus ndaj klientit Me vizionin p\u00ebr t\u00eb gjeneruar realitete t\u00eb reja, ne nd\u00ebrtojm\u00eb hap\u00ebsira cil\u00ebsore, mund\u00ebsi t\u00eb reja biznesi dhe komunitete t\u00eb sh\u00ebndetshme., duke pasur n\u00eb fokus plot\u00ebsimin e nevojave t\u00eb klient\u00ebve tan\u00eb. Zhvillim p\u00ebr bizneset P\u00ebrmes krijimit t\u00eb komuniteteve t\u00eb reja n\u00eb zonat ku ne [&hellip;]<\/p>","protected":false},"author":1,"featured_media":0,"parent":0,"menu_order":0,"comment_status":"closed","ping_status":"closed","template":"","meta":{"footnotes":""},"class_list":["post-3694","page","type-page","status-publish","hentry"],"_links":{"self":[{"href":"https:\/\/matrixbusinessinvest.com\/en\/wp-json\/wp\/v2\/pages\/3694","targetHints":{"allow":["GET"]}}],"collection":[{"href":"https:\/\/matrixbusinessinvest.com\/en\/wp-json\/wp\/v2\/pages"}],"about":[{"href":"https:\/\/matrixbusinessinvest.com\/en\/wp-json\/wp\/v2\/types\/page"}],"author":[{"embeddable":true,"href":"https:\/\/matrixbusinessinvest.com\/en\/wp-json\/wp\/v2\/users\/1"}],"replies":[{"embeddable":true,"href":"https:\/\/matrixbusinessinvest.com\/en\/wp-json\/wp\/v2\/comments?post=3694"}],"version-history":[{"count":42,"href":"https:\/\/matrixbusinessinvest.com\/en\/wp-json\/wp\/v2\/pages\/3694\/revisions"}],"predecessor-version":[{"id":6168,"href":"https:\/\/matrixbusinessinvest.com\/en\/wp-json\/wp\/v2\/pages\/3694\/revisions\/6168"}],"wp:attachment":[{"href":"https:\/\/matrixbusinessinvest.com\/en\/wp-json\/wp\/v2\/media?parent=3694"}],"curies":[{"name":"wp","href":"https:\/\/api.w.org\/{rel}","templated":true}]}}